{"id":10,"date":"2017-10-03T15:43:04","date_gmt":"2017-10-03T18:43:04","guid":{"rendered":"http:\/\/www.ibdp.org.br\/site\/?page_id=10"},"modified":"2018-06-25T16:31:06","modified_gmt":"2018-06-25T19:31:06","slug":"objetivos","status":"publish","type":"page","link":"https:\/\/backup.ibdp.org.br\/?page_id=10","title":{"rendered":"Objetivos"},"content":{"rendered":"<p>Para cumprir seus objetivos, poder\u00e3o ser desenvolvidas as seguintes atividades:<\/p>\n<ul>\n<li>Planejamento, produ\u00e7\u00e3o e edi\u00e7\u00e3o de obras e materiais informativos relativos a seguridade social e outros temas jur\u00eddicos;<\/li>\n<li>Atuar junto aos poderes p\u00fablicos visando o aperfei\u00e7oamento da legisla\u00e7\u00e3o e das normas, bem como o cumprimento das leis relativas a seguridade social em aten\u00e7\u00e3o \u00e0 efetividade da norma;<\/li>\n<li>Atuar judicial ou extrajudicialmente na defesa de quaisquer direitos difusos, coletivos e individuais homog\u00eaneos;<\/li>\n<li>Promover estudos, pesquisas e eventos relacionados com a seguridade social;<\/li>\n<li>Promover o interc\u00e2mbio de conhecimentos t\u00e9cnicos e cient\u00edficos e de capacita\u00e7\u00e3o com profissionais e entidades no Brasil e no exterior na \u00e1rea de direito previdenci\u00e1rio.<\/li>\n<\/ul>\n","protected":false},"excerpt":{"rendered":"<p>Para cumprir seus objetivos, poder\u00e3o ser desenvolvidas as seguintes atividades: Planejamento, produ\u00e7\u00e3o e edi\u00e7\u00e3o de obras e materiais informativos relativos a seguridade social e outros temas jur\u00eddicos; Atuar junto aos [&#8230;]<\/p>\n","protected":false},"author":1,"featured_media":0,"parent":2,"menu_order":3,"comment_status":"closed","ping_status":"closed","template":"","meta":{"footnotes":""},"class_list":["post-10","page","type-page","status-publish","hentry"],"aioseo_notices":[],"_links":{"self":[{"href":"https:\/\/backup.ibdp.org.br\/index.php?rest_route=\/wp\/v2\/pages\/10","targetHints":{"allow":["GET"]}}],"collection":[{"href":"https:\/\/backup.ibdp.org.br\/index.php?rest_route=\/wp\/v2\/pages"}],"about":[{"href":"https:\/\/backup.ibdp.org.br\/index.php?rest_route=\/wp\/v2\/types\/page"}],"author":[{"embeddable":true,"href":"https:\/\/backup.ibdp.org.br\/index.php?rest_route=\/wp\/v2\/users\/1"}],"replies":[{"embeddable":true,"href":"https:\/\/backup.ibdp.org.br\/index.php?rest_route=%2Fwp%2Fv2%2Fcomments&post=10"}],"version-history":[{"count":0,"href":"https:\/\/backup.ibdp.org.br\/index.php?rest_route=\/wp\/v2\/pages\/10\/revisions"}],"up":[{"embeddable":true,"href":"https:\/\/backup.ibdp.org.br\/index.php?rest_route=\/wp\/v2\/pages\/2"}],"wp:attachment":[{"href":"https:\/\/backup.ibdp.org.br\/index.php?rest_route=%2Fwp%2Fv2%2Fmedia&parent=10"}],"curies":[{"name":"wp","href":"https:\/\/api.w.org\/{rel}","templated":true}]}}