{"id":12,"date":"2017-10-03T15:45:50","date_gmt":"2017-10-03T18:45:50","guid":{"rendered":"http:\/\/www.ibdp.org.br\/site\/?page_id=12"},"modified":"2021-09-03T13:38:31","modified_gmt":"2021-09-03T16:38:31","slug":"diretoria","status":"publish","type":"page","link":"https:\/\/backup.ibdp.org.br\/?page_id=12","title":{"rendered":"Diretoria"},"content":{"rendered":"<h2><strong>Diretoria Executiva<\/strong><\/h2>\n<ul>\n<li><strong>Presidente de Honra:<\/strong> Jos\u00e9 Antonio Savaris<\/li>\n<li><strong>Presidente:<\/strong> Adriane Bramante de Castro Ladenthin<\/li>\n<li><strong>Vice-Presidente:<\/strong> Diego Monteiro Cherulli<\/li>\n<li><strong>Secret\u00e1rio Geral:<\/strong> Jo\u00e3o Elizeu Leite Junior<\/li>\n<li><strong>Segunda Secret\u00e1ria: <\/strong>Rafaela Lopes de Melo Cosme<\/li>\n<li><strong>Tesoureira:<\/strong>\u00a0Edmeire Aoki Sugeta<\/li>\n<li><strong>Segunda Tesoureira<\/strong>:\u00a0Jullianny Almeida Sales<\/li>\n<\/ul>\n<h2><strong>Conselhos<\/strong><\/h2>\n<ul>\n<li><strong>Conselho Consultivo:<\/strong> Delzira Santos Menezes, Marcelo Barroso Lima Brito de Campos e Julinda da Silva<\/li>\n<li><strong>Conselho Consultivo vital\u00edcio:<\/strong> Cleci Maria Dartora, Melissa Folmann e Jane L\u00facia Wilhelm Berwanger<\/li>\n<li><strong>Conselho Fiscal:<\/strong> F\u00e1bio Luiz dos Passos, S\u00e9rgio Martins Pimenta e Leonardo Ziccarelli Rodrigues<\/li>\n<\/ul>\n<h2><strong>Coordena\u00e7\u00f5es Regionais<\/strong><\/h2>\n<ul>\n<li><strong>Coordena\u00e7\u00e3o Regi\u00e3o Norte:<\/strong>\u00a0Liliane Francisca Costa dos Santos<\/li>\n<li><strong>Coordena\u00e7\u00e3o Regi\u00e3o Nordeste:<\/strong>\u00a0Rafaela Lopes de Melo Cosme<\/li>\n<li><strong>Coordena\u00e7\u00e3o Regi\u00e3o Sudeste:<\/strong>\u00a0Valber Cruz Cereza<\/li>\n<li><strong>Coordena\u00e7\u00e3o Regi\u00e3o Sul:<\/strong>\u00a0Vanessa Cenzi Farias<\/li>\n<li><strong>Coordena\u00e7\u00e3o Regi\u00e3o Centro-Oeste:<\/strong>\u00a0Juliane Penteado Santana<\/li>\n<\/ul>\n","protected":false},"excerpt":{"rendered":"<p>Diretoria Executiva Presidente de Honra: Jos\u00e9 Antonio Savaris Presidente: Adriane Bramante de Castro Ladenthin Vice-Presidente: Diego Monteiro Cherulli Secret\u00e1rio Geral: Jo\u00e3o Elizeu Leite Junior Segunda Secret\u00e1ria: Rafaela Lopes de Melo [&#8230;]<\/p>\n","protected":false},"author":1,"featured_media":0,"parent":2,"menu_order":4,"comment_status":"closed","ping_status":"closed","template":"","meta":{"footnotes":""},"class_list":["post-12","page","type-page","status-publish","hentry"],"aioseo_notices":[],"_links":{"self":[{"href":"https:\/\/backup.ibdp.org.br\/index.php?rest_route=\/wp\/v2\/pages\/12","targetHints":{"allow":["GET"]}}],"collection":[{"href":"https:\/\/backup.ibdp.org.br\/index.php?rest_route=\/wp\/v2\/pages"}],"about":[{"href":"https:\/\/backup.ibdp.org.br\/index.php?rest_route=\/wp\/v2\/types\/page"}],"author":[{"embeddable":true,"href":"https:\/\/backup.ibdp.org.br\/index.php?rest_route=\/wp\/v2\/users\/1"}],"replies":[{"embeddable":true,"href":"https:\/\/backup.ibdp.org.br\/index.php?rest_route=%2Fwp%2Fv2%2Fcomments&post=12"}],"version-history":[{"count":0,"href":"https:\/\/backup.ibdp.org.br\/index.php?rest_route=\/wp\/v2\/pages\/12\/revisions"}],"up":[{"embeddable":true,"href":"https:\/\/backup.ibdp.org.br\/index.php?rest_route=\/wp\/v2\/pages\/2"}],"wp:attachment":[{"href":"https:\/\/backup.ibdp.org.br\/index.php?rest_route=%2Fwp%2Fv2%2Fmedia&parent=12"}],"curies":[{"name":"wp","href":"https:\/\/api.w.org\/{rel}","templated":true}]}}