{"id":1351,"date":"2019-11-12T14:42:11","date_gmt":"2019-11-12T17:42:11","guid":{"rendered":"https:\/\/backup.ibdp.org.br\/?page_id=1351"},"modified":"2019-11-12T14:46:33","modified_gmt":"2019-11-12T17:46:33","slug":"nota-publica-ibdp-aprovacao-reforma-da-previdencia-social-ec-10319","status":"publish","type":"page","link":"https:\/\/backup.ibdp.org.br\/?page_id=1351","title":{"rendered":"Nota P\u00fablica IBDP \u2013 Aprova\u00e7\u00e3o Reforma da Previd\u00eancia Social (EC 103\/19)"},"content":{"rendered":"<a href=\"https:\/\/backup.ibdp.org.br\/publicidade\/Nota%20Pu%cc%81blica%20IBDP%20-%20Aprova%c3%a7%c3%a3o%20Reforma%20da%20Previd%c3%aancia%20Social.pdf\" class=\"pdfemb-viewer\" style=\"width: 700px; height: 600px; \" data-width=\"700\" data-height=\"600\"  data-toolbar=\"top\" data-toolbar-fixed=\"on\">Nota%20Pu%cc%81blica%20IBDP%20-%20Aprova%c3%a7%c3%a3o%20Reforma%20da%20Previd%c3%aancia%20Social<br\/><\/a>\n","protected":false},"excerpt":{"rendered":"","protected":false},"author":3,"featured_media":0,"parent":21,"menu_order":0,"comment_status":"closed","ping_status":"closed","template":"","meta":{"footnotes":""},"class_list":["post-1351","page","type-page","status-publish","hentry"],"aioseo_notices":[],"_links":{"self":[{"href":"https:\/\/backup.ibdp.org.br\/index.php?rest_route=\/wp\/v2\/pages\/1351","targetHints":{"allow":["GET"]}}],"collection":[{"href":"https:\/\/backup.ibdp.org.br\/index.php?rest_route=\/wp\/v2\/pages"}],"about":[{"href":"https:\/\/backup.ibdp.org.br\/index.php?rest_route=\/wp\/v2\/types\/page"}],"author":[{"embeddable":true,"href":"https:\/\/backup.ibdp.org.br\/index.php?rest_route=\/wp\/v2\/users\/3"}],"replies":[{"embeddable":true,"href":"https:\/\/backup.ibdp.org.br\/index.php?rest_route=%2Fwp%2Fv2%2Fcomments&post=1351"}],"version-history":[{"count":0,"href":"https:\/\/backup.ibdp.org.br\/index.php?rest_route=\/wp\/v2\/pages\/1351\/revisions"}],"up":[{"embeddable":true,"href":"https:\/\/backup.ibdp.org.br\/index.php?rest_route=\/wp\/v2\/pages\/21"}],"wp:attachment":[{"href":"https:\/\/backup.ibdp.org.br\/index.php?rest_route=%2Fwp%2Fv2%2Fmedia&parent=1351"}],"curies":[{"name":"wp","href":"https:\/\/api.w.org\/{rel}","templated":true}]}}