{"id":334,"date":"2017-12-18T09:19:16","date_gmt":"2017-12-18T11:19:16","guid":{"rendered":"http:\/\/www.ibdp.org.br\/site\/?page_id=334"},"modified":"2021-08-13T16:43:14","modified_gmt":"2021-08-13T19:43:14","slug":"associe-se","status":"publish","type":"page","link":"https:\/\/backup.ibdp.org.br\/?page_id=334","title":{"rendered":"Associe-se"},"content":{"rendered":"<p>&nbsp;<\/p>\n<p><strong>Segue passo a passo para renova\u00e7\u00e3o da anuidade<\/strong><\/p>\n<ol>\n<li>Entrar no site do IBDP com login e senha;<\/li>\n<li>Clicar no bot\u00e3o ASSOCIE-SE \/ RENOVE SUA ANUIDADE;<\/li>\n<li>Escolha o valor a partir da tabela abaixo;<\/li>\n<li>Abrir\u00e1 a janela do pagseguro com as descri\u00e7\u00f5es da Anuidade;<\/li>\n<li>Preencha os seus dados, iniciando com o CEP e conclua o pagamento, selecionando a forma desejada.<\/li>\n<\/ol>\n<p><strong>Referente 12 meses de associa\u00e7\u00e3o a partir da data de pagamento<\/strong><\/p>\n<p><strong>Taxa de ades\u00e3o:<\/strong> R$ 0,00<br \/>\n<strong> Anuidade (para quem j\u00e1 efetuou a taxa de ades\u00e3o ou \u00e9 associado):<\/strong><\/p>\n<p>&nbsp;<\/p>\n<table id=\"tblValores\" style=\"height: 439px;\" border=\"1\" width=\"422\" cellspacing=\"0\" cellpadding=\"1\">\n<thead>\n<tr>\n<td class=\"bg-laranja\" style=\"text-align: center;\"><strong>A associa\u00e7\u00e3o tem validade de 1 ano<br \/>\n<\/strong><span style=\"font-family: inherit; font-size: inherit;\">(a partir da data da sua inscri\u00e7\u00e3o)<\/span><\/td>\n<td class=\"bg-laranja\" style=\"text-align: center;\" nowrap=\"nowrap\">Valores<\/td>\n<\/tr>\n<\/thead>\n<tbody>\n<tr>\n<td class=\"descr\" nowrap=\"nowrap\">IBDP Jovem*<\/td>\n<td class=\"valor\">R$ 385,00<\/td>\n<\/tr>\n<tr>\n<td class=\"descr\" nowrap=\"nowrap\">Pessoa f\u00edsica<\/td>\n<td class=\"valor\">R$ 550,00<\/td>\n<\/tr>\n<tr>\n<td class=\"descr\" nowrap=\"nowrap\">Pessoa jur\u00eddica (para 2 pessoas f\u00edsicas)<\/td>\n<td class=\"valor\">R$ 849,20<\/td>\n<\/tr>\n<tr>\n<td class=\"descr\" nowrap=\"nowrap\">Pessoa jur\u00eddica (para 3 pessoas f\u00edsicas)<\/td>\n<td class=\"valor\">R$ 1.179,75<\/td>\n<\/tr>\n<tr>\n<td class=\"descr\" nowrap=\"nowrap\">Pessoa jur\u00eddica (para 4 pessoas f\u00edsicas)<\/td>\n<td class=\"valor\">R$ 1.446,50<\/td>\n<\/tr>\n<tr>\n<td class=\"descr\" nowrap=\"nowrap\">Pessoa jur\u00eddica (para 5 pessoas f\u00edsicas)<\/td>\n<td class=\"valor\">R$\u00a01.650,00<\/td>\n<\/tr>\n<tr>\n<td class=\"descr\" nowrap=\"nowrap\">Pessoa jur\u00eddica (para 6 pessoas f\u00edsicas)<\/td>\n<td class=\"valor\">R$ 1.963,50<\/td>\n<\/tr>\n<tr>\n<td class=\"descr\" nowrap=\"nowrap\">Pessoa jur\u00eddica (para 7 pessoas f\u00edsicas)<\/td>\n<td class=\"valor\">R$ 2.271,50<\/td>\n<\/tr>\n<tr>\n<td class=\"descr\" nowrap=\"nowrap\">Pessoa jur\u00eddica (para 8 pessoas f\u00edsicas)<\/td>\n<td class=\"valor\">R$ 2.574,00<\/td>\n<\/tr>\n<tr>\n<td class=\"descr\" nowrap=\"nowrap\">Pessoa jur\u00eddica (para 9 pessoas f\u00edsicas)<\/td>\n<td class=\"valor\">R$ 2.871,00<\/td>\n<\/tr>\n<tr>\n<td class=\"descr\" nowrap=\"nowrap\">Pessoa jur\u00eddica (para 10 pessoas f\u00edsicas)<\/td>\n<td class=\"valor\">R$ 3.162,50<\/td>\n<\/tr>\n<\/tbody>\n<\/table>\n<p>&nbsp;<\/p>\n<p class=\"clear\"><strong>Documenta\u00e7\u00e3o necess\u00e1ria:<\/strong><\/p>\n<ul>\n<li>Instrumento particular de contrato de constitui\u00e7\u00e3o de sociedade de advogados &#8211; devidamente registrado na OAB;<\/li>\n<li>Copia das carteiras da OAB dos advogados integrantes da sociedade;<\/li>\n<li>Copia do CNPJ da sociedade de advogados;<\/li>\n<li>Contrato de associa\u00e7\u00e3o com advogado, devidamente registrado na OAB, juntamente com a c\u00f3pia da carteira da OAB do advogado associado.<\/li>\n<\/ul>\n<p>&nbsp;<\/p>\n<p class=\"clear\"><a class=\"botao-padrao\" href=\"http:\/\/www.ibdp.org.br\/associese\/associeseform.php\">Clique aqui para se associar<\/a><\/p>\n","protected":false},"excerpt":{"rendered":"<p>&nbsp; Segue passo a passo para renova\u00e7\u00e3o da anuidade Entrar no site do IBDP com login e senha; Clicar no bot\u00e3o ASSOCIE-SE \/ RENOVE SUA ANUIDADE; Escolha o valor a [&#8230;]<\/p>\n","protected":false},"author":1,"featured_media":341,"parent":0,"menu_order":4,"comment_status":"closed","ping_status":"closed","template":"","meta":{"footnotes":""},"class_list":["post-334","page","type-page","status-publish","has-post-thumbnail","hentry"],"aioseo_notices":[],"_links":{"self":[{"href":"https:\/\/backup.ibdp.org.br\/index.php?rest_route=\/wp\/v2\/pages\/334","targetHints":{"allow":["GET"]}}],"collection":[{"href":"https:\/\/backup.ibdp.org.br\/index.php?rest_route=\/wp\/v2\/pages"}],"about":[{"href":"https:\/\/backup.ibdp.org.br\/index.php?rest_route=\/wp\/v2\/types\/page"}],"author":[{"embeddable":true,"href":"https:\/\/backup.ibdp.org.br\/index.php?rest_route=\/wp\/v2\/users\/1"}],"replies":[{"embeddable":true,"href":"https:\/\/backup.ibdp.org.br\/index.php?rest_route=%2Fwp%2Fv2%2Fcomments&post=334"}],"version-history":[{"count":0,"href":"https:\/\/backup.ibdp.org.br\/index.php?rest_route=\/wp\/v2\/pages\/334\/revisions"}],"wp:featuredmedia":[{"embeddable":true,"href":"https:\/\/backup.ibdp.org.br\/index.php?rest_route=\/wp\/v2\/media\/341"}],"wp:attachment":[{"href":"https:\/\/backup.ibdp.org.br\/index.php?rest_route=%2Fwp%2Fv2%2Fmedia&parent=334"}],"curies":[{"name":"wp","href":"https:\/\/api.w.org\/{rel}","templated":true}]}}