{"id":8,"date":"2017-10-03T15:42:01","date_gmt":"2017-10-03T18:42:01","guid":{"rendered":"http:\/\/www.ibdp.org.br\/site\/?page_id=8"},"modified":"2018-06-25T16:30:34","modified_gmt":"2018-06-25T19:30:34","slug":"missao-visao-e-valores","status":"publish","type":"page","link":"https:\/\/backup.ibdp.org.br\/?page_id=8","title":{"rendered":"Miss\u00e3o, vis\u00e3o e valores"},"content":{"rendered":"<p>Tem como miss\u00e3o:<\/p>\n<ul>\n<li>Congregar agentes sociais que estudam o direito previdenci\u00e1rio com objetivo de conhecer, aprimorar, ampliar e discutir mat\u00e9rias afins.<\/li>\n<li>Apoiar, fomentar, divulgar e incentivar estudos e pesquisas dos mais variados assuntos pertinentes ao direito previdenci\u00e1rio.<\/li>\n<li>Atuar institucionalmente e assessorar entidades p\u00fablicas e privadas em quest\u00f5es administrativas, jur\u00eddicas, legislativas e pol\u00edticas pertinentes \u00e0 seguridade social.<\/li>\n<li>Realizar eventos de crescimento, divulga\u00e7\u00e3o e aprimoramento do direito previdenci\u00e1rio.<\/li>\n<\/ul>\n<p><strong>Nossa vis\u00e3o<\/strong> \u00e9 ser refer\u00eancia universal para os agentes sociais no direito previdenci\u00e1rio.<\/p>\n<p><strong>Nossos valores s\u00e3o<\/strong>: \u00c9tica, seriedade, comprometimento, desenvolvimento cient\u00edfico e efici\u00eancia.<\/p>\n","protected":false},"excerpt":{"rendered":"<p>Tem como miss\u00e3o: Congregar agentes sociais que estudam o direito previdenci\u00e1rio com objetivo de conhecer, aprimorar, ampliar e discutir mat\u00e9rias afins. Apoiar, fomentar, divulgar e incentivar estudos e pesquisas dos [&#8230;]<\/p>\n","protected":false},"author":1,"featured_media":0,"parent":2,"menu_order":2,"comment_status":"closed","ping_status":"closed","template":"","meta":{"footnotes":""},"class_list":["post-8","page","type-page","status-publish","hentry"],"aioseo_notices":[],"_links":{"self":[{"href":"https:\/\/backup.ibdp.org.br\/index.php?rest_route=\/wp\/v2\/pages\/8","targetHints":{"allow":["GET"]}}],"collection":[{"href":"https:\/\/backup.ibdp.org.br\/index.php?rest_route=\/wp\/v2\/pages"}],"about":[{"href":"https:\/\/backup.ibdp.org.br\/index.php?rest_route=\/wp\/v2\/types\/page"}],"author":[{"embeddable":true,"href":"https:\/\/backup.ibdp.org.br\/index.php?rest_route=\/wp\/v2\/users\/1"}],"replies":[{"embeddable":true,"href":"https:\/\/backup.ibdp.org.br\/index.php?rest_route=%2Fwp%2Fv2%2Fcomments&post=8"}],"version-history":[{"count":0,"href":"https:\/\/backup.ibdp.org.br\/index.php?rest_route=\/wp\/v2\/pages\/8\/revisions"}],"up":[{"embeddable":true,"href":"https:\/\/backup.ibdp.org.br\/index.php?rest_route=\/wp\/v2\/pages\/2"}],"wp:attachment":[{"href":"https:\/\/backup.ibdp.org.br\/index.php?rest_route=%2Fwp%2Fv2%2Fmedia&parent=8"}],"curies":[{"name":"wp","href":"https:\/\/api.w.org\/{rel}","templated":true}]}}